{"id":5517,"date":"2022-08-08T10:28:30","date_gmt":"2022-08-08T10:28:30","guid":{"rendered":"http:\/\/casquilhoinstalacoes.pt\/demander-un-budget\/"},"modified":"2022-10-19T11:18:50","modified_gmt":"2022-10-19T11:18:50","slug":"demander-un-budget","status":"publish","type":"page","link":"https:\/\/casquilhoinstalacoes.pt\/fr\/demander-un-budget\/","title":{"rendered":"Demander un budget"},"content":{"rendered":"","protected":false},"excerpt":{"rendered":"","protected":false},"author":3,"featured_media":5303,"parent":0,"menu_order":0,"comment_status":"closed","ping_status":"closed","template":"template-pedir-orcamento.php","meta":[],"yoast_head":"\n\u00c9clairage - Demandez-nous un Devis<\/title>\n<meta name=\"description\" content=\"Demander un devis est tr\u00e8s simple quand on veut vivre en s\u00e9curit\u00e9. Chez Casquilho, nous installons le feu, l'\u00e9clairage et bien plus encore !\" \/>\n<meta name=\"robots\" content=\"index, follow, max-snippet:-1, max-image-preview:large, max-video-preview:-1\" \/>\n<link rel=\"canonical\" href=\"https:\/\/casquilhoinstalacoes.pt\/fr\/demander-un-budget\/\" \/>\n<meta property=\"og:locale\" content=\"fr_FR\" \/>\n<meta property=\"og:type\" content=\"article\" \/>\n<meta property=\"og:title\" content=\"\u00c9clairage - Demandez-nous un Devis\" \/>\n<meta property=\"og:description\" content=\"Demander un devis est tr\u00e8s simple quand on veut vivre en s\u00e9curit\u00e9. Chez Casquilho, nous installons le feu, l'\u00e9clairage et bien plus encore !\" \/>\n<meta property=\"og:url\" content=\"https:\/\/casquilhoinstalacoes.pt\/fr\/demander-un-budget\/\" \/>\n<meta property=\"og:site_name\" content=\"Casquilho - Instala\u00e7\u00f5es El\u00e9tricas - S\u00e3o Miguel\" \/>\n<meta property=\"article:modified_time\" content=\"2022-10-19T11:18:50+00:00\" \/>\n<meta property=\"og:image\" content=\"https:\/\/casquilhoinstalacoes.pt\/wp-content\/uploads\/2018\/10\/background_heating_09.jpg\" \/>\n\t<meta property=\"og:image:width\" content=\"1920\" \/>\n\t<meta property=\"og:image:height\" content=\"1100\" \/>\n\t<meta property=\"og:image:type\" content=\"image\/jpeg\" \/>\n<meta name=\"twitter:card\" content=\"summary_large_image\" \/>\n<script type=\"application\/ld+json\" class=\"yoast-schema-graph\">{\"@context\":\"https:\/\/schema.org\",\"@graph\":[{\"@type\":\"WebPage\",\"@id\":\"https:\/\/casquilhoinstalacoes.pt\/fr\/demander-un-budget\/\",\"url\":\"https:\/\/casquilhoinstalacoes.pt\/fr\/demander-un-budget\/\",\"name\":\"\u00c9clairage - Demandez-nous un Devis\",\"isPartOf\":{\"@id\":\"https:\/\/casquilhoinstalacoes.pt\/#website\"},\"datePublished\":\"2022-08-08T10:28:30+00:00\",\"dateModified\":\"2022-10-19T11:18:50+00:00\",\"description\":\"Demander un devis est tr\u00e8s simple quand on veut vivre en s\u00e9curit\u00e9. Chez Casquilho, nous installons le feu, l'\u00e9clairage et bien plus encore !\",\"breadcrumb\":{\"@id\":\"https:\/\/casquilhoinstalacoes.pt\/fr\/demander-un-budget\/#breadcrumb\"},\"inLanguage\":\"fr-FR\",\"potentialAction\":[{\"@type\":\"ReadAction\",\"target\":[\"https:\/\/casquilhoinstalacoes.pt\/fr\/demander-un-budget\/\"]}]},{\"@type\":\"BreadcrumbList\",\"@id\":\"https:\/\/casquilhoinstalacoes.pt\/fr\/demander-un-budget\/#breadcrumb\",\"itemListElement\":[{\"@type\":\"ListItem\",\"position\":1,\"name\":\"Home\",\"item\":\"https:\/\/casquilhoinstalacoes.pt\/fr\/\"},{\"@type\":\"ListItem\",\"position\":2,\"name\":\"Demander un budget\"}]},{\"@type\":\"WebSite\",\"@id\":\"https:\/\/casquilhoinstalacoes.pt\/#website\",\"url\":\"https:\/\/casquilhoinstalacoes.pt\/\",\"name\":\"Casquilho - Instala\u00e7\u00f5es El\u00e9tricas - S\u00e3o Miguel\",\"description\":\"\",\"potentialAction\":[{\"@type\":\"SearchAction\",\"target\":{\"@type\":\"EntryPoint\",\"urlTemplate\":\"https:\/\/casquilhoinstalacoes.pt\/?s={search_term_string}\"},\"query-input\":\"required name=search_term_string\"}],\"inLanguage\":\"fr-FR\"}]}<\/script>\n<!-- \/ Yoast SEO plugin. -->","yoast_head_json":{"title":"\u00c9clairage - Demandez-nous un Devis","description":"Demander un devis est tr\u00e8s simple quand on veut vivre en s\u00e9curit\u00e9. Chez Casquilho, nous installons le feu, l'\u00e9clairage et bien plus encore !","robots":{"index":"index","follow":"follow","max-snippet":"max-snippet:-1","max-image-preview":"max-image-preview:large","max-video-preview":"max-video-preview:-1"},"canonical":"https:\/\/casquilhoinstalacoes.pt\/fr\/demander-un-budget\/","og_locale":"fr_FR","og_type":"article","og_title":"\u00c9clairage - Demandez-nous un Devis","og_description":"Demander un devis est tr\u00e8s simple quand on veut vivre en s\u00e9curit\u00e9. Chez Casquilho, nous installons le feu, l'\u00e9clairage et bien plus encore !","og_url":"https:\/\/casquilhoinstalacoes.pt\/fr\/demander-un-budget\/","og_site_name":"Casquilho - Instala\u00e7\u00f5es El\u00e9tricas - S\u00e3o Miguel","article_modified_time":"2022-10-19T11:18:50+00:00","og_image":[{"width":1920,"height":1100,"url":"https:\/\/casquilhoinstalacoes.pt\/wp-content\/uploads\/2018\/10\/background_heating_09.jpg","type":"image\/jpeg"}],"twitter_card":"summary_large_image","schema":{"@context":"https:\/\/schema.org","@graph":[{"@type":"WebPage","@id":"https:\/\/casquilhoinstalacoes.pt\/fr\/demander-un-budget\/","url":"https:\/\/casquilhoinstalacoes.pt\/fr\/demander-un-budget\/","name":"\u00c9clairage - Demandez-nous un Devis","isPartOf":{"@id":"https:\/\/casquilhoinstalacoes.pt\/#website"},"datePublished":"2022-08-08T10:28:30+00:00","dateModified":"2022-10-19T11:18:50+00:00","description":"Demander un devis est tr\u00e8s simple quand on veut vivre en s\u00e9curit\u00e9. Chez Casquilho, nous installons le feu, l'\u00e9clairage et bien plus encore !","breadcrumb":{"@id":"https:\/\/casquilhoinstalacoes.pt\/fr\/demander-un-budget\/#breadcrumb"},"inLanguage":"fr-FR","potentialAction":[{"@type":"ReadAction","target":["https:\/\/casquilhoinstalacoes.pt\/fr\/demander-un-budget\/"]}]},{"@type":"BreadcrumbList","@id":"https:\/\/casquilhoinstalacoes.pt\/fr\/demander-un-budget\/#breadcrumb","itemListElement":[{"@type":"ListItem","position":1,"name":"Home","item":"https:\/\/casquilhoinstalacoes.pt\/fr\/"},{"@type":"ListItem","position":2,"name":"Demander un budget"}]},{"@type":"WebSite","@id":"https:\/\/casquilhoinstalacoes.pt\/#website","url":"https:\/\/casquilhoinstalacoes.pt\/","name":"Casquilho - Instala\u00e7\u00f5es El\u00e9tricas - S\u00e3o Miguel","description":"","potentialAction":[{"@type":"SearchAction","target":{"@type":"EntryPoint","urlTemplate":"https:\/\/casquilhoinstalacoes.pt\/?s={search_term_string}"},"query-input":"required name=search_term_string"}],"inLanguage":"fr-FR"}]}},"_links":{"self":[{"href":"https:\/\/casquilhoinstalacoes.pt\/fr\/wp-json\/wp\/v2\/pages\/5517"}],"collection":[{"href":"https:\/\/casquilhoinstalacoes.pt\/fr\/wp-json\/wp\/v2\/pages"}],"about":[{"href":"https:\/\/casquilhoinstalacoes.pt\/fr\/wp-json\/wp\/v2\/types\/page"}],"author":[{"embeddable":true,"href":"https:\/\/casquilhoinstalacoes.pt\/fr\/wp-json\/wp\/v2\/users\/3"}],"replies":[{"embeddable":true,"href":"https:\/\/casquilhoinstalacoes.pt\/fr\/wp-json\/wp\/v2\/comments?post=5517"}],"version-history":[{"count":8,"href":"https:\/\/casquilhoinstalacoes.pt\/fr\/wp-json\/wp\/v2\/pages\/5517\/revisions"}],"predecessor-version":[{"id":6543,"href":"https:\/\/casquilhoinstalacoes.pt\/fr\/wp-json\/wp\/v2\/pages\/5517\/revisions\/6543"}],"wp:featuredmedia":[{"embeddable":true,"href":"https:\/\/casquilhoinstalacoes.pt\/fr\/wp-json\/wp\/v2\/media\/5303"}],"wp:attachment":[{"href":"https:\/\/casquilhoinstalacoes.pt\/fr\/wp-json\/wp\/v2\/media?parent=5517"}],"curies":[{"name":"wp","href":"https:\/\/api.w.org\/{rel}","templated":true}]}}