{"id":5490,"date":"2022-08-08T16:35:06","date_gmt":"2022-08-08T16:35:06","guid":{"rendered":"http:\/\/casquilhoinstalacoes.pt\/home\/"},"modified":"2022-09-21T16:49:44","modified_gmt":"2022-09-21T16:49:44","slug":"home","status":"publish","type":"page","link":"https:\/\/casquilhoinstalacoes.pt\/es\/","title":{"rendered":"Home"},"content":{"rendered":"","protected":false},"excerpt":{"rendered":"","protected":false},"author":3,"featured_media":5439,"parent":0,"menu_order":0,"comment_status":"closed","ping_status":"closed","template":"template-home.php","meta":[],"yoast_head":"<!-- This site is optimized with the Yoast SEO plugin v19.5.1 - https:\/\/yoast.com\/wordpress\/plugins\/seo\/ -->\n<title>\u00bfInstalaciones El\u00e9ctricas para su Casa? \u00a1Casquillo es la Soluci\u00f3n!<\/title>\n<meta name=\"description\" content=\"\u00bfVas a vivir en una nueva casa y buscas una empresa capaz de realizar todas las instalaciones el\u00e9ctricas de su propiedad? Cont\u00e1ctanos.\" \/>\n<meta name=\"robots\" content=\"index, follow, max-snippet:-1, max-image-preview:large, max-video-preview:-1\" \/>\n<link rel=\"canonical\" href=\"https:\/\/casquilhoinstalacoes.pt\/es\/\" \/>\n<meta property=\"og:locale\" content=\"es_ES\" \/>\n<meta property=\"og:type\" content=\"article\" \/>\n<meta property=\"og:title\" content=\"\u00bfInstalaciones El\u00e9ctricas para su Casa? \u00a1Casquillo es la Soluci\u00f3n!\" \/>\n<meta property=\"og:description\" content=\"\u00bfVas a vivir en una nueva casa y buscas una empresa capaz de realizar todas las instalaciones el\u00e9ctricas de su propiedad? Cont\u00e1ctanos.\" \/>\n<meta property=\"og:url\" content=\"https:\/\/casquilhoinstalacoes.pt\/es\/\" \/>\n<meta property=\"og:site_name\" content=\"Casquilho - Instala\u00e7\u00f5es El\u00e9tricas - S\u00e3o Miguel\" \/>\n<meta property=\"article:modified_time\" content=\"2022-09-21T16:49:44+00:00\" \/>\n<meta property=\"og:image\" content=\"https:\/\/casquilhoinstalacoes.pt\/wp-content\/uploads\/2022\/06\/fnd-home.jpg\" \/>\n\t<meta property=\"og:image:width\" content=\"1920\" \/>\n\t<meta property=\"og:image:height\" content=\"1200\" \/>\n\t<meta property=\"og:image:type\" content=\"image\/jpeg\" \/>\n<meta name=\"twitter:card\" content=\"summary_large_image\" \/>\n<script type=\"application\/ld+json\" class=\"yoast-schema-graph\">{\"@context\":\"https:\/\/schema.org\",\"@graph\":[{\"@type\":\"WebPage\",\"@id\":\"https:\/\/casquilhoinstalacoes.pt\/es\/\",\"url\":\"https:\/\/casquilhoinstalacoes.pt\/es\/\",\"name\":\"\u00bfInstalaciones El\u00e9ctricas para su Casa? \u00a1Casquillo es la Soluci\u00f3n!\",\"isPartOf\":{\"@id\":\"https:\/\/casquilhoinstalacoes.pt\/#website\"},\"datePublished\":\"2022-08-08T16:35:06+00:00\",\"dateModified\":\"2022-09-21T16:49:44+00:00\",\"description\":\"\u00bfVas a vivir en una nueva casa y buscas una empresa capaz de realizar todas las instalaciones el\u00e9ctricas de su propiedad? Cont\u00e1ctanos.\",\"breadcrumb\":{\"@id\":\"https:\/\/casquilhoinstalacoes.pt\/es\/#breadcrumb\"},\"inLanguage\":\"es\",\"potentialAction\":[{\"@type\":\"ReadAction\",\"target\":[\"https:\/\/casquilhoinstalacoes.pt\/es\/\"]}]},{\"@type\":\"BreadcrumbList\",\"@id\":\"https:\/\/casquilhoinstalacoes.pt\/es\/#breadcrumb\",\"itemListElement\":[{\"@type\":\"ListItem\",\"position\":1,\"name\":\"Home\",\"item\":\"https:\/\/casquilhoinstalacoes.pt\/es\/\"},{\"@type\":\"ListItem\",\"position\":2,\"name\":\"Home\"}]},{\"@type\":\"WebSite\",\"@id\":\"https:\/\/casquilhoinstalacoes.pt\/#website\",\"url\":\"https:\/\/casquilhoinstalacoes.pt\/\",\"name\":\"Casquilho - Instala\u00e7\u00f5es El\u00e9tricas - S\u00e3o Miguel\",\"description\":\"\",\"potentialAction\":[{\"@type\":\"SearchAction\",\"target\":{\"@type\":\"EntryPoint\",\"urlTemplate\":\"https:\/\/casquilhoinstalacoes.pt\/?s={search_term_string}\"},\"query-input\":\"required name=search_term_string\"}],\"inLanguage\":\"es\"}]}<\/script>\n<!-- \/ Yoast SEO plugin. -->","yoast_head_json":{"title":"\u00bfInstalaciones El\u00e9ctricas para su Casa? \u00a1Casquillo es la Soluci\u00f3n!","description":"\u00bfVas a vivir en una nueva casa y buscas una empresa capaz de realizar todas las instalaciones el\u00e9ctricas de su propiedad? Cont\u00e1ctanos.","robots":{"index":"index","follow":"follow","max-snippet":"max-snippet:-1","max-image-preview":"max-image-preview:large","max-video-preview":"max-video-preview:-1"},"canonical":"https:\/\/casquilhoinstalacoes.pt\/es\/","og_locale":"es_ES","og_type":"article","og_title":"\u00bfInstalaciones El\u00e9ctricas para su Casa? \u00a1Casquillo es la Soluci\u00f3n!","og_description":"\u00bfVas a vivir en una nueva casa y buscas una empresa capaz de realizar todas las instalaciones el\u00e9ctricas de su propiedad? Cont\u00e1ctanos.","og_url":"https:\/\/casquilhoinstalacoes.pt\/es\/","og_site_name":"Casquilho - Instala\u00e7\u00f5es El\u00e9tricas - S\u00e3o Miguel","article_modified_time":"2022-09-21T16:49:44+00:00","og_image":[{"width":1920,"height":1200,"url":"https:\/\/casquilhoinstalacoes.pt\/wp-content\/uploads\/2022\/06\/fnd-home.jpg","type":"image\/jpeg"}],"twitter_card":"summary_large_image","schema":{"@context":"https:\/\/schema.org","@graph":[{"@type":"WebPage","@id":"https:\/\/casquilhoinstalacoes.pt\/es\/","url":"https:\/\/casquilhoinstalacoes.pt\/es\/","name":"\u00bfInstalaciones El\u00e9ctricas para su Casa? \u00a1Casquillo es la Soluci\u00f3n!","isPartOf":{"@id":"https:\/\/casquilhoinstalacoes.pt\/#website"},"datePublished":"2022-08-08T16:35:06+00:00","dateModified":"2022-09-21T16:49:44+00:00","description":"\u00bfVas a vivir en una nueva casa y buscas una empresa capaz de realizar todas las instalaciones el\u00e9ctricas de su propiedad? Cont\u00e1ctanos.","breadcrumb":{"@id":"https:\/\/casquilhoinstalacoes.pt\/es\/#breadcrumb"},"inLanguage":"es","potentialAction":[{"@type":"ReadAction","target":["https:\/\/casquilhoinstalacoes.pt\/es\/"]}]},{"@type":"BreadcrumbList","@id":"https:\/\/casquilhoinstalacoes.pt\/es\/#breadcrumb","itemListElement":[{"@type":"ListItem","position":1,"name":"Home","item":"https:\/\/casquilhoinstalacoes.pt\/es\/"},{"@type":"ListItem","position":2,"name":"Home"}]},{"@type":"WebSite","@id":"https:\/\/casquilhoinstalacoes.pt\/#website","url":"https:\/\/casquilhoinstalacoes.pt\/","name":"Casquilho - Instala\u00e7\u00f5es El\u00e9tricas - S\u00e3o Miguel","description":"","potentialAction":[{"@type":"SearchAction","target":{"@type":"EntryPoint","urlTemplate":"https:\/\/casquilhoinstalacoes.pt\/?s={search_term_string}"},"query-input":"required name=search_term_string"}],"inLanguage":"es"}]}},"_links":{"self":[{"href":"https:\/\/casquilhoinstalacoes.pt\/es\/wp-json\/wp\/v2\/pages\/5490"}],"collection":[{"href":"https:\/\/casquilhoinstalacoes.pt\/es\/wp-json\/wp\/v2\/pages"}],"about":[{"href":"https:\/\/casquilhoinstalacoes.pt\/es\/wp-json\/wp\/v2\/types\/page"}],"author":[{"embeddable":true,"href":"https:\/\/casquilhoinstalacoes.pt\/es\/wp-json\/wp\/v2\/users\/3"}],"replies":[{"embeddable":true,"href":"https:\/\/casquilhoinstalacoes.pt\/es\/wp-json\/wp\/v2\/comments?post=5490"}],"version-history":[{"count":11,"href":"https:\/\/casquilhoinstalacoes.pt\/es\/wp-json\/wp\/v2\/pages\/5490\/revisions"}],"predecessor-version":[{"id":6331,"href":"https:\/\/casquilhoinstalacoes.pt\/es\/wp-json\/wp\/v2\/pages\/5490\/revisions\/6331"}],"wp:featuredmedia":[{"embeddable":true,"href":"https:\/\/casquilhoinstalacoes.pt\/es\/wp-json\/wp\/v2\/media\/5439"}],"wp:attachment":[{"href":"https:\/\/casquilhoinstalacoes.pt\/es\/wp-json\/wp\/v2\/media?parent=5490"}],"curies":[{"name":"wp","href":"https:\/\/api.w.org\/{rel}","templated":true}]}}