{"id":5521,"date":"2022-08-05T11:45:57","date_gmt":"2022-08-05T11:45:57","guid":{"rendered":"http:\/\/casquilhoinstalacoes.pt\/services\/"},"modified":"2022-09-21T16:56:35","modified_gmt":"2022-09-21T16:56:35","slug":"services","status":"publish","type":"page","link":"https:\/\/casquilhoinstalacoes.pt\/en\/services\/","title":{"rendered":"Services"},"content":{"rendered":"","protected":false},"excerpt":{"rendered":"","protected":false},"author":3,"featured_media":5290,"parent":0,"menu_order":0,"comment_status":"closed","ping_status":"closed","template":"template-servicos.php","meta":[],"yoast_head":"\nAir Conditioner Installers, Electricity and Lighting | Rui Casquilho<\/title>\n<meta name=\"description\" content=\"All our technicians are certified in various areas, such as: air conditioner installers; fire stations and more!\" \/>\n<meta name=\"robots\" content=\"index, follow, max-snippet:-1, max-image-preview:large, max-video-preview:-1\" \/>\n<link rel=\"canonical\" href=\"https:\/\/casquilhoinstalacoes.pt\/en\/services\/\" \/>\n<meta property=\"og:locale\" content=\"en_US\" \/>\n<meta property=\"og:type\" content=\"article\" \/>\n<meta property=\"og:title\" content=\"Air Conditioner Installers, Electricity and Lighting | Rui Casquilho\" \/>\n<meta property=\"og:description\" content=\"All our technicians are certified in various areas, such as: air conditioner installers; fire stations and more!\" \/>\n<meta property=\"og:url\" content=\"https:\/\/casquilhoinstalacoes.pt\/en\/services\/\" \/>\n<meta property=\"og:site_name\" content=\"Casquilho - Instala\u00e7\u00f5es El\u00e9tricas - S\u00e3o Miguel\" \/>\n<meta property=\"article:modified_time\" content=\"2022-09-21T16:56:35+00:00\" \/>\n<meta property=\"og:image\" content=\"https:\/\/casquilhoinstalacoes.pt\/wp-content\/uploads\/2018\/10\/background_heating_07.jpg\" \/>\n\t<meta property=\"og:image:width\" content=\"1920\" \/>\n\t<meta property=\"og:image:height\" content=\"1100\" \/>\n\t<meta property=\"og:image:type\" content=\"image\/jpeg\" \/>\n<meta name=\"twitter:card\" content=\"summary_large_image\" \/>\n<script type=\"application\/ld+json\" class=\"yoast-schema-graph\">{\"@context\":\"https:\/\/schema.org\",\"@graph\":[{\"@type\":\"WebPage\",\"@id\":\"https:\/\/casquilhoinstalacoes.pt\/en\/services\/\",\"url\":\"https:\/\/casquilhoinstalacoes.pt\/en\/services\/\",\"name\":\"Air Conditioner Installers, Electricity and Lighting | Rui Casquilho\",\"isPartOf\":{\"@id\":\"https:\/\/casquilhoinstalacoes.pt\/#website\"},\"datePublished\":\"2022-08-05T11:45:57+00:00\",\"dateModified\":\"2022-09-21T16:56:35+00:00\",\"description\":\"All our technicians are certified in various areas, such as: air conditioner installers; fire stations and more!\",\"breadcrumb\":{\"@id\":\"https:\/\/casquilhoinstalacoes.pt\/en\/services\/#breadcrumb\"},\"inLanguage\":\"en-US\",\"potentialAction\":[{\"@type\":\"ReadAction\",\"target\":[\"https:\/\/casquilhoinstalacoes.pt\/en\/services\/\"]}]},{\"@type\":\"BreadcrumbList\",\"@id\":\"https:\/\/casquilhoinstalacoes.pt\/en\/services\/#breadcrumb\",\"itemListElement\":[{\"@type\":\"ListItem\",\"position\":1,\"name\":\"Home\",\"item\":\"https:\/\/casquilhoinstalacoes.pt\/en\/\"},{\"@type\":\"ListItem\",\"position\":2,\"name\":\"Services\"}]},{\"@type\":\"WebSite\",\"@id\":\"https:\/\/casquilhoinstalacoes.pt\/#website\",\"url\":\"https:\/\/casquilhoinstalacoes.pt\/\",\"name\":\"Casquilho - Instala\u00e7\u00f5es El\u00e9tricas - S\u00e3o Miguel\",\"description\":\"\",\"potentialAction\":[{\"@type\":\"SearchAction\",\"target\":{\"@type\":\"EntryPoint\",\"urlTemplate\":\"https:\/\/casquilhoinstalacoes.pt\/?s={search_term_string}\"},\"query-input\":\"required name=search_term_string\"}],\"inLanguage\":\"en-US\"}]}<\/script>\n<!-- \/ Yoast SEO plugin. -->","yoast_head_json":{"title":"Air Conditioner Installers, Electricity and Lighting | Rui Casquilho","description":"All our technicians are certified in various areas, such as: air conditioner installers; fire stations and more!","robots":{"index":"index","follow":"follow","max-snippet":"max-snippet:-1","max-image-preview":"max-image-preview:large","max-video-preview":"max-video-preview:-1"},"canonical":"https:\/\/casquilhoinstalacoes.pt\/en\/services\/","og_locale":"en_US","og_type":"article","og_title":"Air Conditioner Installers, Electricity and Lighting | Rui Casquilho","og_description":"All our technicians are certified in various areas, such as: air conditioner installers; fire stations and more!","og_url":"https:\/\/casquilhoinstalacoes.pt\/en\/services\/","og_site_name":"Casquilho - Instala\u00e7\u00f5es El\u00e9tricas - S\u00e3o Miguel","article_modified_time":"2022-09-21T16:56:35+00:00","og_image":[{"width":1920,"height":1100,"url":"https:\/\/casquilhoinstalacoes.pt\/wp-content\/uploads\/2018\/10\/background_heating_07.jpg","type":"image\/jpeg"}],"twitter_card":"summary_large_image","schema":{"@context":"https:\/\/schema.org","@graph":[{"@type":"WebPage","@id":"https:\/\/casquilhoinstalacoes.pt\/en\/services\/","url":"https:\/\/casquilhoinstalacoes.pt\/en\/services\/","name":"Air Conditioner Installers, Electricity and Lighting | Rui Casquilho","isPartOf":{"@id":"https:\/\/casquilhoinstalacoes.pt\/#website"},"datePublished":"2022-08-05T11:45:57+00:00","dateModified":"2022-09-21T16:56:35+00:00","description":"All our technicians are certified in various areas, such as: air conditioner installers; fire stations and more!","breadcrumb":{"@id":"https:\/\/casquilhoinstalacoes.pt\/en\/services\/#breadcrumb"},"inLanguage":"en-US","potentialAction":[{"@type":"ReadAction","target":["https:\/\/casquilhoinstalacoes.pt\/en\/services\/"]}]},{"@type":"BreadcrumbList","@id":"https:\/\/casquilhoinstalacoes.pt\/en\/services\/#breadcrumb","itemListElement":[{"@type":"ListItem","position":1,"name":"Home","item":"https:\/\/casquilhoinstalacoes.pt\/en\/"},{"@type":"ListItem","position":2,"name":"Services"}]},{"@type":"WebSite","@id":"https:\/\/casquilhoinstalacoes.pt\/#website","url":"https:\/\/casquilhoinstalacoes.pt\/","name":"Casquilho - Instala\u00e7\u00f5es El\u00e9tricas - S\u00e3o Miguel","description":"","potentialAction":[{"@type":"SearchAction","target":{"@type":"EntryPoint","urlTemplate":"https:\/\/casquilhoinstalacoes.pt\/?s={search_term_string}"},"query-input":"required name=search_term_string"}],"inLanguage":"en-US"}]}},"_links":{"self":[{"href":"https:\/\/casquilhoinstalacoes.pt\/en\/wp-json\/wp\/v2\/pages\/5521"}],"collection":[{"href":"https:\/\/casquilhoinstalacoes.pt\/en\/wp-json\/wp\/v2\/pages"}],"about":[{"href":"https:\/\/casquilhoinstalacoes.pt\/en\/wp-json\/wp\/v2\/types\/page"}],"author":[{"embeddable":true,"href":"https:\/\/casquilhoinstalacoes.pt\/en\/wp-json\/wp\/v2\/users\/3"}],"replies":[{"embeddable":true,"href":"https:\/\/casquilhoinstalacoes.pt\/en\/wp-json\/wp\/v2\/comments?post=5521"}],"version-history":[{"count":7,"href":"https:\/\/casquilhoinstalacoes.pt\/en\/wp-json\/wp\/v2\/pages\/5521\/revisions"}],"predecessor-version":[{"id":6294,"href":"https:\/\/casquilhoinstalacoes.pt\/en\/wp-json\/wp\/v2\/pages\/5521\/revisions\/6294"}],"wp:featuredmedia":[{"embeddable":true,"href":"https:\/\/casquilhoinstalacoes.pt\/en\/wp-json\/wp\/v2\/media\/5290"}],"wp:attachment":[{"href":"https:\/\/casquilhoinstalacoes.pt\/en\/wp-json\/wp\/v2\/media?parent=5521"}],"curies":[{"name":"wp","href":"https:\/\/api.w.org\/{rel}","templated":true}]}}